{"id":23517,"date":"2025-03-27T09:43:01","date_gmt":"2025-03-27T09:43:01","guid":{"rendered":"https:\/\/f2dc07eea9a036484043cda0a7344ee6\/militaire\/"},"modified":"2025-06-04T05:06:11","modified_gmt":"2025-06-04T05:06:11","slug":"militaire","status":"publish","type":"page","link":"https:\/\/www.airain.com\/fr\/militaire\/","title":{"rendered":"Militaire"},"content":{"rendered":"\n  <div class=\"banner has-hover hide-for-small\" id=\"banner-425185487\">\n          <div class=\"banner-inner fill\">\n        <div class=\"banner-bg fill\" >\n            <div class=\"bg fill bg-fill \"><\/div>\n                        <div class=\"overlay\"><\/div>            \n                    <\/div>\n\t\t\n        <div class=\"banner-layers container\">\n            <div class=\"fill banner-link\"><\/div>            \n        <\/div>\n      <\/div>\n\n            \n<style>\n#banner-425185487 {\n  padding-top: 304px;\n}\n#banner-425185487 .bg.bg-loaded {\n  background-image: url(https:\/\/www.airain.com\/wp-content\/uploads\/2024\/05\/MG_9693_061023-1-e1718359144993.jpg);\n}\n#banner-425185487 .overlay {\n  background-color: rgba(0, 0, 0, 0.616);\n}\n#banner-425185487 .bg {\n  background-position: 0% 68%;\n}\n@media (min-width:550px) {\n  #banner-425185487 {\n    padding-top: 500px;\n  }\n}\n<\/style>\n  <\/div>\n\n\n\t<section class=\"section\" id=\"section_909405135\">\n\t\t<div class=\"bg section-bg fill bg-fill  bg-loaded\" >\n\n\t\t\t\n\t\t\t\n\t\t\t\n\n\t\t<\/div>\n\n\t\t\n\n\t\t<div class=\"section-content relative\">\n\t\t\t\n<div class=\"row row-collapse align-middle\"  id=\"row-1356299096\">\n\n\t<div id=\"col-1659360806\" class=\"col medium-6 small-12 large-6\"  >\n\t\t\t\t<div class=\"col-inner\"  >\n\t\t\t\n\t\t\t\n\t<div class=\"img has-hover x md-x lg-x y md-y lg-y\" id=\"image_872975479\">\n\t\t\t\t\t\t\t\t<div class=\"img-inner dark\" >\n\t\t\t<img loading=\"lazy\" decoding=\"async\" width=\"2880\" height=\"2880\" src=\"https:\/\/www.airain.com\/wp-content\/uploads\/2024\/05\/Airain-Ehra3-6-scaled-1.jpg\" class=\"attachment-original size-original\" alt=\"\" srcset=\"https:\/\/www.airain.com\/wp-content\/uploads\/2024\/05\/Airain-Ehra3-6-scaled-1.jpg 2880w, https:\/\/www.airain.com\/wp-content\/uploads\/2024\/05\/Airain-Ehra3-6-scaled-1-100x100.jpg 100w, https:\/\/www.airain.com\/wp-content\/uploads\/2024\/05\/Airain-Ehra3-6-scaled-1-500x500.jpg 500w, https:\/\/www.airain.com\/wp-content\/uploads\/2024\/05\/Airain-Ehra3-6-scaled-1-1000x1000.jpg 1000w, https:\/\/www.airain.com\/wp-content\/uploads\/2024\/05\/Airain-Ehra3-6-scaled-1-300x300.jpg 300w, https:\/\/www.airain.com\/wp-content\/uploads\/2024\/05\/Airain-Ehra3-6-scaled-1-1024x1024.jpg 1024w, https:\/\/www.airain.com\/wp-content\/uploads\/2024\/05\/Airain-Ehra3-6-scaled-1-150x150.jpg 150w, https:\/\/www.airain.com\/wp-content\/uploads\/2024\/05\/Airain-Ehra3-6-scaled-1-768x768.jpg 768w, https:\/\/www.airain.com\/wp-content\/uploads\/2024\/05\/Airain-Ehra3-6-scaled-1-96x96.jpg 96w, https:\/\/www.airain.com\/wp-content\/uploads\/2024\/05\/Airain-Ehra3-6-scaled-1-42x42.jpg 42w, https:\/\/www.airain.com\/wp-content\/uploads\/2024\/05\/Airain-Ehra3-6-scaled-1-60x60.jpg 60w, https:\/\/www.airain.com\/wp-content\/uploads\/2024\/05\/Airain-Ehra3-6-scaled-1-1536x1536.jpg 1536w, https:\/\/www.airain.com\/wp-content\/uploads\/2024\/05\/Airain-Ehra3-6-scaled-1-2048x2048.jpg 2048w, https:\/\/www.airain.com\/wp-content\/uploads\/2024\/05\/Airain-Ehra3-6-scaled-1-80x80.jpg 80w\" sizes=\"auto, (max-width: 2880px) 100vw, 2880px\" \/>\t\t\t\t\t\t\n\t\t\t\t\t<\/div>\n\t\t\t\t\t\t\t\t\n<style>\n#image_872975479 {\n  width: 100%;\n}\n<\/style>\n\t<\/div>\n\t\n\t\t<\/div>\n\t\t\t\t\t<\/div>\n\n\t\n\n\t<div id=\"col-2136558412\" class=\"col medium-6 small-12 large-6\"  >\n\t\t\t\t<div class=\"col-inner\"  >\n\t\t\t\n\t\t\t\n\t<div id=\"gap-1810395521\" class=\"gap-element clearfix\" style=\"display:block; height:auto;\">\n\t\t\n<style>\n#gap-1810395521 {\n  padding-top: 100px;\n}\n@media (min-width:550px) {\n  #gap-1810395521 {\n    padding-top: 30px;\n  }\n}\n<\/style>\n\t<\/div>\n\t\n\t<div id=\"text-827662375\" class=\"text\">\n\t\t\n<h3>MILITAIRE<\/h3>\n\t\t\n<style>\n#text-827662375 {\n  font-size: 3rem;\n  line-height: 0.75;\n}\n<\/style>\n\t<\/div>\n\t\n<p>Que ce soit \u00e0 haute altitude ou \u00e0 des centaines de m\u00e8tres sous le niveau de la mer, les garde-temps d&rsquo;Airain sont con\u00e7us avec une mission : offrir une mesure du temps pr\u00e9cise dans des circonstances exigeantes. Nos montres sont une source fiable de temps dans les situations o\u00f9 les enjeux sont importants. <\/p>\n<p>Que ce soit sur le cadran, le fond du bo\u00eetier ou le bracelet, nos mod\u00e8les sont parfaitement adapt\u00e9s pour incorporer et refl\u00e9ter les \u00e9cussons, les couleurs et autres \u00e9l\u00e9ments de style de votre unit\u00e9.<\/p>\n<p>La cr\u00e9ation d&rsquo;un garde-temps unique en quantit\u00e9 limit\u00e9e fait de votre montre un objet de collection tr\u00e8s pris\u00e9 qui t\u00e9moigne de la sp\u00e9cialisation de votre unit\u00e9.<\/p>\n\t<div id=\"gap-1420214147\" class=\"gap-element clearfix show-for-small\" style=\"display:block; height:auto;\">\n\t\t\n<style>\n#gap-1420214147 {\n  padding-top: 100px;\n}\n@media (min-width:550px) {\n  #gap-1420214147 {\n    padding-top: 30px;\n  }\n}\n<\/style>\n\t<\/div>\n\t\n\t\t<\/div>\n\t\t\t\t\n<style>\n#col-2136558412 > .col-inner {\n  padding: 0px 20px 0px 20px;\n}\n@media (min-width:550px) {\n  #col-2136558412 > .col-inner {\n    padding: 0px 0px 0px 50px;\n  }\n}\n<\/style>\n\t<\/div>\n\n\t\n<\/div>\n\t\t<\/div>\n\n\t\t\n<style>\n#section_909405135 {\n  padding-top: 0px;\n  padding-bottom: 0px;\n  min-height: 54px;\n}\n@media (min-width:550px) {\n  #section_909405135 {\n    padding-top: 30px;\n    padding-bottom: 30px;\n    min-height: 1000px;\n  }\n}\n<\/style>\n\t<\/section>\n\t\n\n\t<section class=\"section\" id=\"section_530080700\">\n\t\t<div class=\"bg section-bg fill bg-fill  bg-loaded\" >\n\n\t\t\t\n\t\t\t\n\t\t\t\n\n\t\t<\/div>\n\n\t\t\n\n\t\t<div class=\"section-content relative\">\n\t\t\t\n<div class=\"row row-collapse row-full-width align-middle align-right\"  id=\"row-1211789790\">\n\n\t<div id=\"col-345575752\" class=\"col medium-6 small-12 large-6\"  >\n\t\t\t\t<div class=\"col-inner\"  >\n\t\t\t\n\t\t\t\n\t<div id=\"text-4112579169\" class=\"text\">\n\t\t\n<h3>AIRAIN POUR EHRA 3<\/h3>\n\t\t\n<style>\n#text-4112579169 {\n  font-size: 2.2rem;\n  line-height: 0.75;\n}\n@media (min-width:550px) {\n  #text-4112579169 {\n    font-size: 2.5rem;\n  }\n}\n<\/style>\n\t<\/div>\n\t\n<p>Depuis la renaissance de Airain en 2020, nous avons accompli avec succ\u00e8s l&rsquo;une de nos missions les plus importantes : reconqu\u00e9rir notre position au poignet des pilotes de l&rsquo;ALAT.<\/p>\n<p>En collaboration avec l&rsquo;<em>Escadrille d&rsquo;H\u00e9licopt\u00e8res de Reconnaissance et d&rsquo;Attaque (EHRA) n\u00b03<\/em>, le troisi\u00e8me escadron d&rsquo;h\u00e9licopt\u00e8res de reconnaissance et d&rsquo;attaque de l&rsquo;Aviation L\u00e9g\u00e8re de l&rsquo;Arm\u00e9e de Terre (ALAT), nous avons cr\u00e9\u00e9 une pi\u00e8ce horlog\u00e8re v\u00e9ritablement unique qui rend hommage aux polices et couleurs embl\u00e9matiques de l&rsquo;EHRA 3.<\/p>\n<p>Fond\u00e9 le 1er juillet 1968, l&rsquo;escadron EHRA 3 a c\u00e9l\u00e9br\u00e9 son 55e anniversaire en 2023. Pour marquer l&rsquo;occasion, Airain a \u00e9mis 25 montres personnalis\u00e9es.  Le num\u00e9ro de licence de vol de chaque pilote sera grav\u00e9 au dos de la pi\u00e8ce, afin de la personnaliser davantage.<\/p>\n<a href=\"https:\/\/www.airain.com\/fr\/un-heritage-renait-le-type-20-est-de-retour-au-poignet-des-militaires-francais\/\" class=\"button primary is-small\"  style=\"padding:6px 20px 6px 20px;\">\n    <span>D\u00c9COUVREZ LA MONTRE<\/span>\n  <\/a>\n\n\t<div id=\"gap-1578654180\" class=\"gap-element clearfix\" style=\"display:block; height:auto;\">\n\t\t\n<style>\n#gap-1578654180 {\n  padding-top: 30px;\n}\n<\/style>\n\t<\/div>\n\t\n\t\t<\/div>\n\t\t\t\t\n<style>\n#col-345575752 > .col-inner {\n  padding: 0px 20px 0px 20px;\n}\n@media (min-width:550px) {\n  #col-345575752 > .col-inner {\n    padding: 0px 50px 0px 50px;\n  }\n}\n<\/style>\n\t<\/div>\n\n\t\n\n\t<div id=\"col-1711859281\" class=\"col medium-6 small-12 large-6\"  >\n\t\t\t\t<div class=\"col-inner\"  >\n\t\t\t\n\t\t\t\n\n  <div class=\"banner has-hover\" id=\"banner-277616977\">\n          <div class=\"banner-inner fill\">\n        <div class=\"banner-bg fill\" >\n            <div class=\"bg fill bg-fill \"><\/div>\n                        <div class=\"overlay\"><\/div>            \n\t<div class=\"is-border\"\n\t\tstyle=\"border-color:rgb(240, 240, 240);border-width:0px 0px 0px 100px;\">\n\t<\/div>\n                    <\/div>\n\t\t\n        <div class=\"banner-layers container\">\n            <div class=\"fill banner-link\"><\/div>            \n\t<div class=\"img has-hover x15 md-x0 lg-x0 y50 md-y50 lg-y50\" id=\"image_301477454\">\n\t\t\t\t\t\t\t\t<div class=\"img-inner image-cover dark\" style=\"padding-top:200%;\">\n\t\t\t<img loading=\"lazy\" decoding=\"async\" width=\"939\" height=\"1500\" src=\"https:\/\/www.airain.com\/wp-content\/uploads\/2024\/05\/Artboard-12.png\" class=\"attachment-original size-original\" alt=\"\" srcset=\"https:\/\/www.airain.com\/wp-content\/uploads\/2024\/05\/Artboard-12.png 939w, https:\/\/www.airain.com\/wp-content\/uploads\/2024\/05\/Artboard-12-1x2.png 1w, https:\/\/www.airain.com\/wp-content\/uploads\/2024\/05\/Artboard-12-188x300.png 188w, https:\/\/www.airain.com\/wp-content\/uploads\/2024\/05\/Artboard-12-641x1024.png 641w, https:\/\/www.airain.com\/wp-content\/uploads\/2024\/05\/Artboard-12-768x1227.png 768w, https:\/\/www.airain.com\/wp-content\/uploads\/2024\/05\/Artboard-12-60x96.png 60w, https:\/\/www.airain.com\/wp-content\/uploads\/2024\/05\/Artboard-12-26x42.png 26w, https:\/\/www.airain.com\/wp-content\/uploads\/2024\/05\/Artboard-12-38x60.png 38w, https:\/\/www.airain.com\/wp-content\/uploads\/2024\/05\/Artboard-12-50x80.png 50w\" sizes=\"auto, (max-width: 939px) 100vw, 939px\" \/>\t\t\t\t\t\t\n\t\t\t\t\t<\/div>\n\t\t\t\t\t\t\t\t\n<style>\n#image_301477454 {\n  width: 24%;\n}\n<\/style>\n\t<\/div>\n\t\n        <\/div>\n      <\/div>\n\n            \n<style>\n#banner-277616977 {\n  padding-top: 226px;\n}\n#banner-277616977 .bg.bg-loaded {\n  background-image: url(https:\/\/www.airain.com\/wp-content\/uploads\/2024\/05\/lesfelins33squadron_387742776_251461137849253_2425023538354488631_n-1024x768.jpg);\n}\n#banner-277616977 .overlay {\n  background-color: rgba(30, 30, 30, 0.5);\n}\n#banner-277616977 .bg {\n  background-position: 0% 62%;\n}\n@media (min-width:550px) {\n  #banner-277616977 {\n    padding-top: 554px;\n  }\n}\n<\/style>\n  <\/div>\n\n\n\t\t<\/div>\n\t\t\t\t\t<\/div>\n\n\t\n<\/div>\n\t\t<\/div>\n\n\t\t\n<style>\n#section_530080700 {\n  padding-top: 100px;\n  padding-bottom: 100px;\n  min-height: 0px;\n  background-color: rgb(240, 240, 240);\n}\n@media (min-width:550px) {\n  #section_530080700 {\n    padding-top: 30px;\n    padding-bottom: 30px;\n    min-height: 1000px;\n  }\n}\n<\/style>\n\t<\/section>\n\t\n","protected":false},"excerpt":{"rendered":"","protected":false},"author":1,"featured_media":0,"parent":0,"menu_order":0,"comment_status":"closed","ping_status":"closed","template":"","meta":{"footnotes":""},"class_list":["post-23517","page","type-page","status-publish","hentry"],"_links":{"self":[{"href":"https:\/\/www.airain.com\/fr\/wp-json\/wp\/v2\/pages\/23517","targetHints":{"allow":["GET"]}}],"collection":[{"href":"https:\/\/www.airain.com\/fr\/wp-json\/wp\/v2\/pages"}],"about":[{"href":"https:\/\/www.airain.com\/fr\/wp-json\/wp\/v2\/types\/page"}],"author":[{"embeddable":true,"href":"https:\/\/www.airain.com\/fr\/wp-json\/wp\/v2\/users\/1"}],"replies":[{"embeddable":true,"href":"https:\/\/www.airain.com\/fr\/wp-json\/wp\/v2\/comments?post=23517"}],"version-history":[{"count":0,"href":"https:\/\/www.airain.com\/fr\/wp-json\/wp\/v2\/pages\/23517\/revisions"}],"wp:attachment":[{"href":"https:\/\/www.airain.com\/fr\/wp-json\/wp\/v2\/media?parent=23517"}],"curies":[{"name":"wp","href":"https:\/\/api.w.org\/{rel}","templated":true}]}}