{"id":23640,"date":"2025-03-27T09:49:12","date_gmt":"2025-03-27T09:49:12","guid":{"rendered":"https:\/\/f2dc07eea9a036484043cda0a7344ee6\/politique-de-confidentialite\/"},"modified":"2025-03-28T04:09:34","modified_gmt":"2025-03-28T04:09:34","slug":"politique-de-confidentialite","status":"publish","type":"page","link":"https:\/\/www.airain.com\/fr\/politique-de-confidentialite\/","title":{"rendered":"Politique de confidentialit\u00e9"},"content":{"rendered":"\t<section class=\"section\" id=\"section_148508492\">\n\t\t<div class=\"bg section-bg fill bg-fill  bg-loaded\" >\n\n\t\t\t\n\t\t\t\n\t\t\t\n\n\t\t<\/div>\n\n\t\t\n\n\t\t<div class=\"section-content relative\">\n\t\t\t\n<div class=\"row\"  id=\"row-104278036\">\n\n\t<div id=\"col-703051193\" class=\"col small-12 large-12\"  >\n\t\t\t\t<div class=\"col-inner\"  >\n\t\t\t\n\t\t\t\n<h1>Politique de confidentialit\u00e9<\/h1>\n<p>La pr\u00e9sente Politique de confidentialit\u00e9 d\u00e9crit la mani\u00e8re dont vos informations personnelles sont collect\u00e9es, utilis\u00e9es et partag\u00e9es lorsque vous visitez ou effectuez un achat sur www.airain.com (le \u00ab Site \u00bb).<\/p>\n<p><strong>1. Informations personnelles que nous collectons<\/strong><\/p>\n<p>Lorsque vous visitez le Site, nous collectons automatiquement certaines informations concernant votre appareil, y compris des informations sur votre navigateur web, votre adresse IP, votre fuseau horaire et certains des cookies qui sont<\/p>\n<p>install\u00e9s sur votre appareil. De plus, lorsque vous naviguez sur le Site, nous collectons des informations sur les pages web individuelles ou les produits que vous consultez, les sites web ou les termes de recherche qui vous ont dirig\u00e9 vers le <\/p>\n<p>Site, ainsi que des informations sur la mani\u00e8re dont vous interagissez avec le Site. Nous d\u00e9signons ces informations collect\u00e9es automatiquement comme \u00ab Informations sur l&rsquo;appareil \u00bb. <\/p>\n<p>Nous collectons les Informations sur l&rsquo;appareil en utilisant les technologies suivantes :<\/p>\n<ul>\n<li>Les \u00ab cookies \u00bb sont des fichiers de donn\u00e9es plac\u00e9s sur votre appareil ou ordinateur et incluent souvent un identifiant unique anonyme. Pour plus d&rsquo;informations sur les cookies et sur la fa\u00e7on de les d\u00e9sactiver, visitez http:\/\/www.allaboutcookies.org. <\/li>\n<li>Les \u00ab fichiers journaux \u00bb suivent les actions se produisant sur le Site et collectent des donn\u00e9es comprenant votre adresse IP, le type de navigateur, le fournisseur de services Internet, les pages de r\u00e9f\u00e9rence\/de sortie et les horodatages.<\/li>\n<li>Les \u00ab balises web \u00bb, \u00ab tags \u00bb et \u00ab pixels \u00bb sont des fichiers \u00e9lectroniques utilis\u00e9s pour enregistrer des informations sur la fa\u00e7on dont vous naviguez sur le Site.<\/li>\n<\/ul>\n<p>De plus, lorsque vous effectuez un achat ou tentez d&rsquo;effectuer un achat via le Site, nous collectons certaines informations vous concernant, notamment votre nom, votre adresse de facturation, votre adresse de livraison, vos informations de paiement (y compris les num\u00e9ros de carte de cr\u00e9dit), votre adresse e-mail et votre num\u00e9ro de t\u00e9l\u00e9phone. Nous d\u00e9signons ces informations comme \u00ab Informations de commande \u00bb. <\/p>\n<p>Lorsque nous parlons d&rsquo;\u00ab Informations personnelles \u00bb dans cette Politique de confidentialit\u00e9, nous faisons r\u00e9f\u00e9rence \u00e0 la fois aux Informations sur l&rsquo;appareil et aux Informations de commande.<\/p>\n<p><strong>2. Comment utilisons-nous vos informations personnelles ?<\/strong><\/p>\n<p>Nous utilisons les Informations de commande que nous collectons g\u00e9n\u00e9ralement pour ex\u00e9cuter toute commande pass\u00e9e via le Site (y compris le traitement de vos informations de paiement, l&rsquo;organisation de l&rsquo;exp\u00e9dition et la fourniture de factures et\/ou de confirmations de commande). De plus, nous utilisons ces Informations de commande pour : <\/p>\n<ul>\n<li>Communiquer avec vous ;<\/li>\n<li>Examiner nos commandes pour d\u00e9tecter les risques potentiels ou la fraude ; et<\/li>\n<li>Lorsque cela est conforme aux pr\u00e9f\u00e9rences que vous nous avez communiqu\u00e9es, vous fournir des informations ou de la publicit\u00e9 relatives \u00e0 nos produits ou services.<\/li>\n<\/ul>\n<p>Nous utilisons les Informations sur l&rsquo;appareil que nous collectons pour nous aider \u00e0 d\u00e9tecter les risques potentiels et la fraude (en particulier, votre adresse IP), et plus g\u00e9n\u00e9ralement pour am\u00e9liorer et optimiser notre Site (par exemple, en g\u00e9n\u00e9rant des analyses sur la fa\u00e7on dont nos clients naviguent et interagissent avec le Site, et pour \u00e9valuer le succ\u00e8s de nos campagnes marketing et publicitaires).<\/p>\n<p><strong>3. Partage de vos informations personnelles<\/strong><\/p>\n<p>Nous partageons vos Informations personnelles avec des tiers pour nous aider \u00e0 utiliser vos Informations personnelles, comme d\u00e9crit ci-dessus. Par exemple, nous utilisons MultiSafepay pour traiter les paiements des achats effectu\u00e9s dans notre boutique en ligne &#8211; vous pouvez en savoir plus sur la fa\u00e7on dont MultiSafepay utilise vos Informations personnelles ici : https:\/\/www.multisafepay.com\/privacy-cookies. <\/p>\n<p>Nous utilisons \u00e9galement Google Analytics pour nous aider \u00e0 comprendre comment nos clients utilisent le Site &#8211; vous pouvez en savoir plus sur la fa\u00e7on dont Google utilise vos Informations personnelles ici : https:\/\/www.google.com\/intl\/fr\/policies\/privacy\/. Vous pouvez \u00e9galement vous d\u00e9sinscrire de Google Analytics ici : https:\/\/tools.google.com\/dlpage\/gaoptout.<\/p>\n<p>Enfin, nous pouvons \u00e9galement partager vos Informations personnelles pour nous conformer aux lois et r\u00e9glementations applicables, pour r\u00e9pondre \u00e0 une assignation, un mandat de perquisition ou toute autre demande l\u00e9gale d&rsquo;informations que nous recevons, ou pour prot\u00e9ger nos droits.<\/p>\n<p><strong>4. Publicit\u00e9 comportementale<\/strong><br \/>Comme d\u00e9crit ci-dessus, nous utilisons vos Informations personnelles pour vous fournir des publicit\u00e9s cibl\u00e9es ou des communications marketing que nous pensons pouvoir vous int\u00e9resser. Pour plus d&rsquo;informations sur le fonctionnement de la publicit\u00e9 cibl\u00e9e, vous pouvez consulter la page \u00e9ducative de la Network Advertising Initiative (\u00ab NAI \u00bb) \u00e0 l&rsquo;adresse http:\/\/www.networkadvertising.org\/understanding-online-advertising\/how-does-it-work. <\/p>\n<p>Vous pouvez vous d\u00e9sinscrire de la publicit\u00e9 cibl\u00e9e en visitant :<\/p>\n<ul>\n<li>FACEBOOK &#8211; https:\/\/www.facebook.com\/settings\/?tab=ads<\/li>\n<li>GOOGLE &#8211; https:\/\/www.google.com\/settings\/ads\/anonymous<\/li>\n<li>BING &#8211; https:\/\/advertise.bingads.microsoft.com\/fr-fr\/ressources\/politiques\/annonces-personnalisees<\/li>\n<\/ul>\n<p>De plus, vous pouvez vous d\u00e9sinscrire de certains de ces services en visitant le portail de d\u00e9sinscription de la Digital Advertising Alliance \u00e0 l&rsquo;adresse : http:\/\/optout.aboutads.info\/.<\/p>\n<p><strong>5. Ne pas suivre<\/strong><br \/>Veuillez noter que nous ne modifions pas les pratiques de collecte et d&rsquo;utilisation des donn\u00e9es de notre Site lorsque nous d\u00e9tectons un signal \u00ab Ne pas suivre \u00bb provenant de votre navigateur.<\/p>\n<p><strong>6. Vos droits<\/strong><br \/>Si vous r\u00e9sidez en Europe, vous disposez du droit d&rsquo;acc\u00e9der aux informations personnelles que nous d\u00e9tenons \u00e0 votre sujet et de demander que ces informations soient corrig\u00e9es, mises \u00e0 jour ou supprim\u00e9es. Si vous souhaitez exercer ce droit, veuillez nous contacter par le biais des coordonn\u00e9es fournies ci-dessous. <\/p>\n<p>En outre, si vous r\u00e9sidez en Europe, nous vous informons que nous traitons vos informations afin d&rsquo;honorer les contrats que nous pourrions avoir avec vous (par exemple, si vous passez une commande via le Site), ou pour poursuivre nos int\u00e9r\u00eats commerciaux l\u00e9gitimes \u00e9num\u00e9r\u00e9s ci-dessus. De plus, veuillez noter que vos informations seront transf\u00e9r\u00e9es hors d&rsquo;Europe, notamment au Canada et aux \u00c9tats-Unis. <\/p>\n<p><strong>7. Conservation des donn\u00e9es<\/strong><br \/>Lorsque vous passez une commande via le Site, nous conserverons les informations relatives \u00e0 votre commande dans nos registres, sauf si vous nous demandez de les supprimer.<\/p>\n<p><strong>8. Mineurs<\/strong><br \/>Le Site n&rsquo;est pas destin\u00e9 aux personnes \u00e2g\u00e9es de moins de 18 ans.<\/p>\n<p><strong>9. Modifications<\/strong><br \/>Nous nous r\u00e9servons le droit de modifier cette politique de confidentialit\u00e9 de temps \u00e0 autre afin de refl\u00e9ter, par exemple, des changements dans nos pratiques ou pour d&rsquo;autres raisons op\u00e9rationnelles, juridiques ou r\u00e9glementaires.<\/p>\n<p><strong>10. Nous contacter<\/strong><br \/>Pour obtenir de plus amples informations sur nos pratiques en mati\u00e8re de confidentialit\u00e9, si vous avez des questions ou si vous souhaitez d\u00e9poser une r\u00e9clamation, veuillez nous contacter par courriel \u00e0 l&rsquo;adresse &#x69;&#110;&#102;o&#x40;&#x77;&#119;w&#x2e;&#x61;&#105;r&#x61;&#x69;&#110;&#46;&#x63;&#x6f;&#109; ou par courrier postal \u00e0 l&rsquo;adresse suivante :<\/p>\n<p>Airain, une marque de CDMLEC, Pastoor Vranckenlaan 34a, 5953 CP Reuver, Pays-Bas.<\/p>\n\t\t<\/div>\n\t\t\t\t\t<\/div>\n\n\t\n<\/div>\n\t\t<\/div>\n\n\t\t\n<style>\n#section_148508492 {\n  padding-top: 30px;\n  padding-bottom: 30px;\n}\n<\/style>\n\t<\/section>\n\t\n","protected":false},"excerpt":{"rendered":"","protected":false},"author":1,"featured_media":0,"parent":0,"menu_order":0,"comment_status":"closed","ping_status":"closed","template":"","meta":{"footnotes":""},"class_list":["post-23640","page","type-page","status-publish","hentry"],"_links":{"self":[{"href":"https:\/\/www.airain.com\/fr\/wp-json\/wp\/v2\/pages\/23640","targetHints":{"allow":["GET"]}}],"collection":[{"href":"https:\/\/www.airain.com\/fr\/wp-json\/wp\/v2\/pages"}],"about":[{"href":"https:\/\/www.airain.com\/fr\/wp-json\/wp\/v2\/types\/page"}],"author":[{"embeddable":true,"href":"https:\/\/www.airain.com\/fr\/wp-json\/wp\/v2\/users\/1"}],"replies":[{"embeddable":true,"href":"https:\/\/www.airain.com\/fr\/wp-json\/wp\/v2\/comments?post=23640"}],"version-history":[{"count":0,"href":"https:\/\/www.airain.com\/fr\/wp-json\/wp\/v2\/pages\/23640\/revisions"}],"wp:attachment":[{"href":"https:\/\/www.airain.com\/fr\/wp-json\/wp\/v2\/media?parent=23640"}],"curies":[{"name":"wp","href":"https:\/\/api.w.org\/{rel}","templated":true}]}}