{"id":23645,"date":"2025-03-27T09:49:50","date_gmt":"2025-03-27T09:49:50","guid":{"rendered":"https:\/\/f2dc07eea9a036484043cda0a7344ee6\/boutiques\/"},"modified":"2025-03-27T09:50:06","modified_gmt":"2025-03-27T09:50:06","slug":"boutiques","status":"publish","type":"page","link":"https:\/\/www.airain.com\/fr\/boutiques\/","title":{"rendered":"Boutiques"},"content":{"rendered":"\t<section class=\"section\" id=\"section_1592909453\">\n\t\t<div class=\"bg section-bg fill bg-fill  bg-loaded\" >\n\n\t\t\t\n\t\t\t\n\t\t\t\n\t<div class=\"is-border\"\n\t\tstyle=\"border-width:0px 0px 0px 0px;\">\n\t<\/div>\n\n\t\t<\/div>\n\n\t\t\n\n\t\t<div class=\"section-content relative\">\n\t\t\t\n<div class=\"row align-middle\"  id=\"row-1171623710\">\n\n\t<div id=\"col-2000848558\" class=\"col hide-for-small medium-6 small-12 large-6\"  >\n\t\t\t\t<div class=\"col-inner\"  >\n\t\t\t\n\t\t\t\n\n  <div class=\"banner has-hover\" id=\"banner-1532985413\">\n          <div class=\"banner-inner fill\">\n        <div class=\"banner-bg fill\" >\n            <div class=\"bg fill bg-fill \"><\/div>\n                        <div class=\"overlay\"><\/div>            \n                    <\/div>\n\t\t\n        <div class=\"banner-layers container\">\n            <div class=\"fill banner-link\"><\/div>            \n   <div id=\"text-box-1694320150\" class=\"text-box banner-layer x50 md-x50 lg-x50 y95 md-y95 lg-y95 res-text\">\n                                <div class=\"text-box-content text dark\">\n              \n              <div class=\"text-inner text-center\">\n                  \n\t<div id=\"text-1626939057\" class=\"text\">\n\t\t\n<h3><span style=\"font-size: 150%;\">GALERIE HORLOG\u00c8RE<\/span><\/h3>\n\t\t\n<style>\n#text-1626939057 {\n  font-size: 1.2rem;\n  line-height: 0.75;\n  text-align: left;\n}\n<\/style>\n\t<\/div>\n\t\n\t<div id=\"text-1654322622\" class=\"text\">\n\t\t\n<p>KOWE\u00cfT CITY, KOWE\u00cfT<\/p>\n\t\t\n<style>\n#text-1654322622 {\n  font-size: 0.85rem;\n  line-height: 0.75;\n  text-align: left;\n}\n<\/style>\n\t<\/div>\n\t\n              <\/div>\n           <\/div>\n                            \n<style>\n#text-box-1694320150 {\n  width: 78%;\n}\n#text-box-1694320150 .text-box-content {\n  font-size: 100%;\n}\n<\/style>\n    <\/div>\n \n        <\/div>\n      <\/div>\n\n            \n<style>\n#banner-1532985413 {\n  padding-top: 678px;\n}\n#banner-1532985413 .bg.bg-loaded {\n  background-image: url(https:\/\/www.airain.com\/wp-content\/uploads\/2024\/04\/2023-08-06.jpg);\n}\n#banner-1532985413 .overlay {\n  background-color: rgba(0,0,0,.5);\n}\n<\/style>\n  <\/div>\n\n\n\t<div id=\"gap-905422353\" class=\"gap-element clearfix\" style=\"display:block; height:auto;\">\n\t\t\n<style>\n#gap-905422353 {\n  padding-top: 7px;\n}\n<\/style>\n\t<\/div>\n\t\n\t\t<\/div>\n\t\t\t\t\t<\/div>\n\n\t\n\n\t<div id=\"col-156426150\" class=\"col medium-6 small-12 large-6\"  >\n\t\t\t\t<div class=\"col-inner\"  >\n\t\t\t\n\t\t\t\n\t<div id=\"text-3497254487\" class=\"text\">\n\t\t\n<p>B O U T I Q U E S<\/p>\n\t\t\n<style>\n#text-3497254487 {\n  font-size: 0.75rem;\n  line-height: 0.75;\n  color: #a99a88;\n}\n#text-3497254487 > * {\n  color: #a99a88;\n}\n@media (min-width:550px) {\n  #text-3497254487 {\n    font-size: 0.75rem;\n  }\n}\n<\/style>\n\t<\/div>\n\t\n\t<div id=\"text-1708616780\" class=\"text\">\n\t\t\n<h3>LOCALISEZ VOTRE REVENDEUR OFFICIEL AIRAIN LE PLUS PROCHE<\/h3>\n\t\t\n<style>\n#text-1708616780 {\n  font-size: 1.9rem;\n  line-height: 1;\n}\n@media (min-width:550px) {\n  #text-1708616780 {\n    font-size: 0.75rem;\n  }\n}\n@media (min-width:850px) {\n  #text-1708616780 {\n    font-size: 2.5rem;\n  }\n}\n<\/style>\n\t<\/div>\n\t\n<div class=\"is-divider divider clearfix\" style=\"margin-top:16.8px;margin-bottom:16.8px;max-width:100%;height:1px;background-color:rgb(110, 110, 110);\"><\/div>\n<p>Nous sommes convaincus que l&rsquo;exp\u00e9rience d&rsquo;essayer une montre en personne peut \u00eatre v\u00e9ritablement inestimable. Bien que nous nous efforcions de fournir des informations exhaustives sur nos garde-temps en ligne, il y a quelque chose de particulier \u00e0 ressentir le poids d&rsquo;une montre \u00e0 son poignet et \u00e0 observer ses d\u00e9tails minutieux de pr\u00e8s. <\/p>\n<p>C&rsquo;est pourquoi nous sommes fiers de nous associer \u00e0 un groupe s\u00e9lect de d\u00e9taillants qui partagent notre passion pour l&rsquo;artisanat et un service client exceptionnel. Que vous soyez un collectionneur chevronn\u00e9 ou un amateur de montres novice, nos d\u00e9taillants offrent une opportunit\u00e9 unique de d\u00e9couvrir notre collection en personne et de trouver le garde-temps parfait correspondant \u00e0 votre style et \u00e0 vos pr\u00e9f\u00e9rences. <\/p>\n<p>Explorez notre liste de d\u00e9taillants ci-dessous et commencez votre p\u00e9riple pour trouver la montre parfaite d\u00e8s aujourd&rsquo;hui.<\/p>\n\t\t<\/div>\n\t\t\t\t\n<style>\n#col-156426150 > .col-inner {\n  padding: 0px 20px 0px 20px;\n}\n@media (min-width:550px) {\n  #col-156426150 > .col-inner {\n    padding: 0px 0px 0px 36px;\n  }\n}\n<\/style>\n\t<\/div>\n\n\t\n<\/div>\n\t\t<\/div>\n\n\t\t\n<style>\n#section_1592909453 {\n  padding-top: 39px;\n  padding-bottom: 39px;\n}\n@media (min-width:550px) {\n  #section_1592909453 {\n    padding-top: 150px;\n    padding-bottom: 150px;\n  }\n}\n<\/style>\n\t<\/section>\n\t\n\t<div id=\"gap-664244980\" class=\"gap-element clearfix\" style=\"display:block; height:auto;\">\n\t\t\n<style>\n#gap-664244980 {\n  padding-top: 50px;\n}\n<\/style>\n\t<\/div>\n\t\n\t<section class=\"section\" id=\"section_1097189087\">\n\t\t<div class=\"bg section-bg fill bg-fill  bg-loaded\" >\n\n\t\t\t\n\t\t\t\n\t\t\t\n\n\t\t<\/div>\n\n\t\t\n\n\t\t<div class=\"section-content relative\">\n\t\t\t\n<div class=\"row\" style=\"max-width:90%\" id=\"row-1063698512\">\n\n\t<div id=\"col-450359313\" class=\"col small-12 large-12\"  >\n\t\t\t\t<div class=\"col-inner\"  >\n\t\t\t\n\t\t\t\n<style>\r\n\t#wpsl-stores .wpsl-store-thumb {height:45px !important; width:45px !important;}\r\n\t#wpsl-stores, #wpsl-direction-details, #wpsl-gmap {height:500px !important;}\r\n\t#wpsl-gmap .wpsl-info-window {max-width:225px !important;}\r\n\t.wpsl-input label, #wpsl-radius label, #wpsl-category label {width:95px;}\r\n\t#wpsl-search-input  {width:179px;}\r\n<\/style>\r\n<div id=\"wpsl-wrap\">\r\n\t<div class=\"wpsl-search wpsl-clearfix wpsl-checkboxes-enabled\">\r\n\t\t<div id=\"wpsl-search-wrap\">\r\n\t\t\t<form autocomplete=\"off\">\r\n\t\t\t<div class=\"wpsl-input\">\r\n\t\t\t\t<div><label for=\"wpsl-search-input\">Votre localisation<\/label><\/div>\r\n\t\t\t\t<input id=\"wpsl-search-input\" type=\"text\" value=\"\" name=\"wpsl-search-input\" placeholder=\"\" aria-required=\"true\" \/>\r\n\t\t\t<\/div>\r\n<ul id=\"wpsl-checkbox-filter\" class=\"wpsl-checkbox-3-columns\"><li><label><input type=\"checkbox\" value=\"121\"  \/>Authorized Retailer<\/label><\/li><\/ul>\t\t\t\t<div class=\"wpsl-search-btn-wrap\"><input id=\"wpsl-search-btn\" type=\"submit\" value=\"Rechercher\"><\/div>\r\n\t\t<\/form>\r\n\t\t<\/div>\r\n\t<\/div>\r\n\t<div id=\"wpsl-gmap\" class=\"wpsl-gmap-canvas\"><\/div>\r\n\t<div id=\"wpsl-result-list\">\r\n\t\t<div id=\"wpsl-stores\" >\r\n\t\t\t<ul><\/ul>\r\n\t\t<\/div>\r\n\t\t<div id=\"wpsl-direction-details\">\r\n\t\t\t<ul><\/ul>\r\n\t\t<\/div>\r\n\t<\/div>\r\n<\/div>\r\n\n\t\t<\/div>\n\t\t\t\t\t<\/div>\n\n\t\n<\/div>\n\t<div id=\"gap-1471357865\" class=\"gap-element clearfix\" style=\"display:block; height:auto;\">\n\t\t\n<style>\n#gap-1471357865 {\n  padding-top: 50px;\n}\n<\/style>\n\t<\/div>\n\t\n\t\t<\/div>\n\n\t\t\n<style>\n#section_1097189087 {\n  padding-top: 30px;\n  padding-bottom: 30px;\n}\n<\/style>\n\t<\/section>\n\t\n","protected":false},"excerpt":{"rendered":"","protected":false},"author":1,"featured_media":0,"parent":0,"menu_order":0,"comment_status":"closed","ping_status":"closed","template":"page-blank.php","meta":{"footnotes":""},"class_list":["post-23645","page","type-page","status-publish","hentry"],"_links":{"self":[{"href":"https:\/\/www.airain.com\/fr\/wp-json\/wp\/v2\/pages\/23645","targetHints":{"allow":["GET"]}}],"collection":[{"href":"https:\/\/www.airain.com\/fr\/wp-json\/wp\/v2\/pages"}],"about":[{"href":"https:\/\/www.airain.com\/fr\/wp-json\/wp\/v2\/types\/page"}],"author":[{"embeddable":true,"href":"https:\/\/www.airain.com\/fr\/wp-json\/wp\/v2\/users\/1"}],"replies":[{"embeddable":true,"href":"https:\/\/www.airain.com\/fr\/wp-json\/wp\/v2\/comments?post=23645"}],"version-history":[{"count":0,"href":"https:\/\/www.airain.com\/fr\/wp-json\/wp\/v2\/pages\/23645\/revisions"}],"wp:attachment":[{"href":"https:\/\/www.airain.com\/fr\/wp-json\/wp\/v2\/media?parent=23645"}],"curies":[{"name":"wp","href":"https:\/\/api.w.org\/{rel}","templated":true}]}}