{"id":23537,"date":"2025-01-09T11:26:11","date_gmt":"2025-03-27T09:43:53","guid":{"rendered":"https:\/\/f2dc07eea9a036484043cda0a7344ee6\/product\/bracelet-en-caoutchouc-fkm-jaune\/"},"modified":"2025-03-28T04:04:44","modified_gmt":"2025-03-28T04:04:44","slug":"bracelet-en-caoutchouc-fkm-jaune","status":"publish","type":"product","link":"https:\/\/www.airain.com\/fr\/produit\/bracelet-en-caoutchouc-fkm-jaune\/","title":{"rendered":"Bracelet en caoutchouc FKM &#8211; Jaune"},"content":{"rendered":"<p>Tous les bracelets de montre Airain sont soigneusement fabriqu\u00e9s \u00e0 partir de mat\u00e9riaux haut de gamme et con\u00e7us pour sublimer votre garde-temps. Des normes de fabrication intransigeantes et un contr\u00f4le qualit\u00e9 rigoureux garantissent que chaque bracelet offre la fiabilit\u00e9 et le confort que vous m\u00e9ritez. <\/p>\n<p><strong>D\u00e9tails techniques<\/strong><br \/>\nMat\u00e9riau : Caoutchouc FKM (Fluoro\u00e9lastom\u00e8re)<br \/>\nType de boucle : Boucle simple<br \/>\nCouleur : Jaune<br \/>\nTaille du bracelet (entre-cornes) : 20 mm<br \/>\nLongueur du bracelet : 8 cm + 13 cm<br \/>\nLargeur de la boucle : 18 mm<\/p>\n","protected":false},"excerpt":{"rendered":"<p>Tous les bracelets de montre Airain sont soigneusement fabriqu\u00e9s \u00e0 partir de mat\u00e9riaux haut de gamme et con\u00e7us pour sublimer votre garde-temps. Des normes de fabrication intransigeantes et un contr\u00f4le qualit\u00e9 rigoureux garantissent que chaque bracelet offre la fiabilit\u00e9 et le confort que vous m\u00e9ritez. D\u00e9tails techniques Mat\u00e9riau : Caoutchouc FKM (Fluoro\u00e9lastom\u00e8re) Type de boucle&#8230;<\/p>\n","protected":false},"featured_media":23539,"template":"","meta":[],"product_brand":[],"product_cat":[174,173],"product_tag":[],"class_list":{"0":"post-23537","1":"product","2":"type-product","3":"status-publish","4":"has-post-thumbnail","6":"product_cat-accessoires","7":"product_cat-tout","8":"product_shipping_class-bracelets-et-accessoires","10":"first","11":"instock","12":"taxable","13":"shipping-taxable","14":"purchasable","15":"product-type-simple"},"_links":{"self":[{"href":"https:\/\/www.airain.com\/fr\/wp-json\/wp\/v2\/product\/23537","targetHints":{"allow":["GET"]}}],"collection":[{"href":"https:\/\/www.airain.com\/fr\/wp-json\/wp\/v2\/product"}],"about":[{"href":"https:\/\/www.airain.com\/fr\/wp-json\/wp\/v2\/types\/product"}],"wp:featuredmedia":[{"embeddable":true,"href":"https:\/\/www.airain.com\/fr\/wp-json\/wp\/v2\/media\/23539"}],"wp:attachment":[{"href":"https:\/\/www.airain.com\/fr\/wp-json\/wp\/v2\/media?parent=23537"}],"wp:term":[{"taxonomy":"product_brand","embeddable":true,"href":"https:\/\/www.airain.com\/fr\/wp-json\/wp\/v2\/product_brand?post=23537"},{"taxonomy":"product_cat","embeddable":true,"href":"https:\/\/www.airain.com\/fr\/wp-json\/wp\/v2\/product_cat?post=23537"},{"taxonomy":"product_tag","embeddable":true,"href":"https:\/\/www.airain.com\/fr\/wp-json\/wp\/v2\/product_tag?post=23537"}],"curies":[{"name":"wp","href":"https:\/\/api.w.org\/{rel}","templated":true}]}}