{"id":23544,"date":"2024-11-28T11:03:46","date_gmt":"2025-03-27T09:44:02","guid":{"rendered":"https:\/\/f2dc07eea9a036484043cda0a7344ee6\/product\/bracelet-en-suede-bleu-egeen\/"},"modified":"2025-03-28T04:04:51","modified_gmt":"2025-03-28T04:04:51","slug":"bracelet-en-suede-bleu-egeen","status":"publish","type":"product","link":"https:\/\/www.airain.com\/fr\/produit\/bracelet-en-suede-bleu-egeen\/","title":{"rendered":"Bracelet en Su\u00e8de &#8211; Bleu \u00c9g\u00e9en"},"content":{"rendered":"<p>Bracelet de montre en cuir su\u00e9d\u00e9 bleu \u00e9g\u00e9en avec coutures beiges et boucle double.<\/p>\n<p>Tous les bracelets de montre Airain sont confectionn\u00e9s \u00e0 la main \u00e0 partir de mat\u00e9riaux luxueux et con\u00e7us pour mettre en valeur votre garde-temps. Des normes de fabrication et des techniques de contr\u00f4le qualit\u00e9 sans compromis garantissent un niveau constant de fiabilit\u00e9.<\/p>\n<p><strong>DONN\u00c9ES TECHNIQUES<\/strong><br \/>\nMat\u00e9riau : Cuir<br \/>\nType de boucle : Boucle double<br \/>\nCouleur : Bleu \u00c9g\u00e9en<br \/>\nCouleur des coutures : Beige<br \/>\nTaille du bracelet (entre-cornes) : 20 mm<br \/>\nLongueur du bracelet : 8 cm + 12 cm<br \/>\nLargeur de la boucle : 18 mm<\/p>\n","protected":false},"excerpt":{"rendered":"<p>Bracelet de montre en cuir su\u00e9d\u00e9 bleu \u00e9g\u00e9en avec coutures beiges et boucle double. Tous les bracelets de montre Airain sont confectionn\u00e9s \u00e0 la main \u00e0 partir de mat\u00e9riaux luxueux et con\u00e7us pour mettre en valeur votre garde-temps. Des normes de fabrication et des techniques de contr\u00f4le qualit\u00e9 sans compromis garantissent un niveau constant de&#8230;<\/p>\n","protected":false},"featured_media":23548,"template":"","meta":[],"product_brand":[],"product_cat":[174,173],"product_tag":[],"class_list":{"0":"post-23544","1":"product","2":"type-product","3":"status-publish","4":"has-post-thumbnail","6":"product_cat-accessoires","7":"product_cat-tout","8":"product_shipping_class-bracelets-et-accessoires","10":"first","11":"instock","12":"taxable","13":"shipping-taxable","14":"purchasable","15":"product-type-simple"},"_links":{"self":[{"href":"https:\/\/www.airain.com\/fr\/wp-json\/wp\/v2\/product\/23544","targetHints":{"allow":["GET"]}}],"collection":[{"href":"https:\/\/www.airain.com\/fr\/wp-json\/wp\/v2\/product"}],"about":[{"href":"https:\/\/www.airain.com\/fr\/wp-json\/wp\/v2\/types\/product"}],"wp:featuredmedia":[{"embeddable":true,"href":"https:\/\/www.airain.com\/fr\/wp-json\/wp\/v2\/media\/23548"}],"wp:attachment":[{"href":"https:\/\/www.airain.com\/fr\/wp-json\/wp\/v2\/media?parent=23544"}],"wp:term":[{"taxonomy":"product_brand","embeddable":true,"href":"https:\/\/www.airain.com\/fr\/wp-json\/wp\/v2\/product_brand?post=23544"},{"taxonomy":"product_cat","embeddable":true,"href":"https:\/\/www.airain.com\/fr\/wp-json\/wp\/v2\/product_cat?post=23544"},{"taxonomy":"product_tag","embeddable":true,"href":"https:\/\/www.airain.com\/fr\/wp-json\/wp\/v2\/product_tag?post=23544"}],"curies":[{"name":"wp","href":"https:\/\/api.w.org\/{rel}","templated":true}]}}