{"id":23557,"date":"2024-06-24T13:18:29","date_gmt":"2025-03-27T09:44:06","guid":{"rendered":"https:\/\/f2dc07eea9a036484043cda0a7344ee6\/product\/type-20-up-in-the-air-en-lair\/"},"modified":"2025-06-05T07:09:32","modified_gmt":"2025-06-05T07:09:32","slug":"type-20-up-in-the-air","status":"publish","type":"product","link":"https:\/\/www.airain.com\/fr\/produit\/type-20-up-in-the-air\/","title":{"rendered":"TYPE 20 \u00ab\u00a0UP IN THE AIR\u00a0\u00bb"},"content":{"rendered":"","protected":false},"excerpt":{"rendered":"<p>Le Type 20 demeure fid\u00e8le \u00e0 tous les aspects du Type 20 original des ann\u00e9es 1950, y compris un chronographe \u00e0 roue \u00e0 colonnes et remontage manuel avec fonction flyback et lunette de compte \u00e0 rebours, le tout log\u00e9 dans un bo\u00eetier en acier inoxydable. Son cadran noir est \u00e9l\u00e9gamment associ\u00e9 \u00e0 un bracelet cognac. <\/p>\n","protected":false},"featured_media":23561,"template":"","meta":[],"product_brand":[],"product_cat":[173,176],"product_tag":[],"class_list":{"0":"post-23557","1":"product","2":"type-product","3":"status-publish","4":"has-post-thumbnail","6":"product_cat-tout","7":"product_cat-type-20-21-fr","9":"first","10":"outofstock","11":"sold-individually","12":"taxable","13":"shipping-taxable","14":"purchasable","15":"product-type-simple"},"_links":{"self":[{"href":"https:\/\/www.airain.com\/fr\/wp-json\/wp\/v2\/product\/23557","targetHints":{"allow":["GET"]}}],"collection":[{"href":"https:\/\/www.airain.com\/fr\/wp-json\/wp\/v2\/product"}],"about":[{"href":"https:\/\/www.airain.com\/fr\/wp-json\/wp\/v2\/types\/product"}],"wp:featuredmedia":[{"embeddable":true,"href":"https:\/\/www.airain.com\/fr\/wp-json\/wp\/v2\/media\/23561"}],"wp:attachment":[{"href":"https:\/\/www.airain.com\/fr\/wp-json\/wp\/v2\/media?parent=23557"}],"wp:term":[{"taxonomy":"product_brand","embeddable":true,"href":"https:\/\/www.airain.com\/fr\/wp-json\/wp\/v2\/product_brand?post=23557"},{"taxonomy":"product_cat","embeddable":true,"href":"https:\/\/www.airain.com\/fr\/wp-json\/wp\/v2\/product_cat?post=23557"},{"taxonomy":"product_tag","embeddable":true,"href":"https:\/\/www.airain.com\/fr\/wp-json\/wp\/v2\/product_tag?post=23557"}],"curies":[{"name":"wp","href":"https:\/\/api.w.org\/{rel}","templated":true}]}}