{"id":23560,"date":"2024-11-28T11:03:45","date_gmt":"2025-03-27T09:44:08","guid":{"rendered":"https:\/\/f2dc07eea9a036484043cda0a7344ee6\/product\/bracelet-en-cuir-cognac\/"},"modified":"2025-03-28T04:05:19","modified_gmt":"2025-03-28T04:05:19","slug":"bracelet-en-cuir-cognac","status":"publish","type":"product","link":"https:\/\/www.airain.com\/fr\/produit\/bracelet-en-cuir-cognac\/","title":{"rendered":"Bracelet en Cuir &#8211; Cognac"},"content":{"rendered":"<p>Bracelet de montre en cuir cognac avec coutures beiges et boucle double.<\/p>\n<p>Tous les bracelets de montre Airain sont fabriqu\u00e9s \u00e0 la main \u00e0 partir de mat\u00e9riaux luxueux et con\u00e7us pour sublimer votre garde-temps. Des normes de fabrication et des techniques de contr\u00f4le qualit\u00e9 sans compromis garantissent un niveau constant de fiabilit\u00e9.<\/p>\n<p><strong>DONN\u00c9ES TECHNIQUES<\/strong><br \/>\nMat\u00e9riau : Cuir<br \/>\nType de boucle : Boucle double<br \/>\nCouleur : Cognac<br \/>\nCouleur des coutures : Beige<br \/>\nTaille du bracelet (entre-cornes) : 20 mm<br \/>\nLongueur du bracelet : 8 cm + 12 cm<br \/>\nLargeur de la boucle : 18 mm<\/p>\n","protected":false},"excerpt":{"rendered":"<p>Bracelet de montre en cuir cognac avec coutures beiges et boucle double. Tous les bracelets de montre Airain sont fabriqu\u00e9s \u00e0 la main \u00e0 partir de mat\u00e9riaux luxueux et con\u00e7us pour sublimer votre garde-temps. Des normes de fabrication et des techniques de contr\u00f4le qualit\u00e9 sans compromis garantissent un niveau constant de fiabilit\u00e9. DONN\u00c9ES TECHNIQUES Mat\u00e9riau&#8230;<\/p>\n","protected":false},"featured_media":23566,"template":"","meta":[],"product_brand":[],"product_cat":[174,173],"product_tag":[],"class_list":{"0":"post-23560","1":"product","2":"type-product","3":"status-publish","4":"has-post-thumbnail","6":"product_cat-accessoires","7":"product_cat-tout","8":"product_shipping_class-bracelets-et-accessoires","10":"first","11":"instock","12":"taxable","13":"shipping-taxable","14":"purchasable","15":"product-type-simple"},"_links":{"self":[{"href":"https:\/\/www.airain.com\/fr\/wp-json\/wp\/v2\/product\/23560","targetHints":{"allow":["GET"]}}],"collection":[{"href":"https:\/\/www.airain.com\/fr\/wp-json\/wp\/v2\/product"}],"about":[{"href":"https:\/\/www.airain.com\/fr\/wp-json\/wp\/v2\/types\/product"}],"wp:featuredmedia":[{"embeddable":true,"href":"https:\/\/www.airain.com\/fr\/wp-json\/wp\/v2\/media\/23566"}],"wp:attachment":[{"href":"https:\/\/www.airain.com\/fr\/wp-json\/wp\/v2\/media?parent=23560"}],"wp:term":[{"taxonomy":"product_brand","embeddable":true,"href":"https:\/\/www.airain.com\/fr\/wp-json\/wp\/v2\/product_brand?post=23560"},{"taxonomy":"product_cat","embeddable":true,"href":"https:\/\/www.airain.com\/fr\/wp-json\/wp\/v2\/product_cat?post=23560"},{"taxonomy":"product_tag","embeddable":true,"href":"https:\/\/www.airain.com\/fr\/wp-json\/wp\/v2\/product_tag?post=23560"}],"curies":[{"name":"wp","href":"https:\/\/api.w.org\/{rel}","templated":true}]}}