{"id":24489,"date":"2025-03-13T14:07:23","date_gmt":"2025-04-10T14:38:13","guid":{"rendered":"https:\/\/f2dc07eea9a036484043cda0a7344ee6\/product\/voyageur-gmt-noir\/"},"modified":"2025-10-23T11:23:11","modified_gmt":"2025-10-23T11:23:11","slug":"voyageur-gmt-721-419","status":"publish","type":"product","link":"https:\/\/www.airain.com\/fr\/produit\/voyageur-gmt-721-419\/","title":{"rendered":"VOYAGEUR GMT &#8211; 721.419"},"content":{"rendered":"","protected":false},"excerpt":{"rendered":"<p>R\u00c9F 721.419 <span style=\"color: #999999;\"> <strong>\u00c9DITION LIMIT\u00c9E \u00c0 320 PI\u00c8CES<\/strong><\/span><\/p>\n","protected":false},"featured_media":24512,"template":"","meta":[],"product_brand":[],"product_cat":[173],"product_tag":[],"class_list":{"0":"post-24489","1":"product","2":"type-product","3":"status-publish","4":"has-post-thumbnail","6":"product_cat-tout","7":"product_shipping_class-tf-fr","9":"first","10":"instock","11":"sold-individually","12":"taxable","13":"shipping-taxable","14":"product-type-simple"},"_links":{"self":[{"href":"https:\/\/www.airain.com\/fr\/wp-json\/wp\/v2\/product\/24489","targetHints":{"allow":["GET"]}}],"collection":[{"href":"https:\/\/www.airain.com\/fr\/wp-json\/wp\/v2\/product"}],"about":[{"href":"https:\/\/www.airain.com\/fr\/wp-json\/wp\/v2\/types\/product"}],"wp:featuredmedia":[{"embeddable":true,"href":"https:\/\/www.airain.com\/fr\/wp-json\/wp\/v2\/media\/24512"}],"wp:attachment":[{"href":"https:\/\/www.airain.com\/fr\/wp-json\/wp\/v2\/media?parent=24489"}],"wp:term":[{"taxonomy":"product_brand","embeddable":true,"href":"https:\/\/www.airain.com\/fr\/wp-json\/wp\/v2\/product_brand?post=24489"},{"taxonomy":"product_cat","embeddable":true,"href":"https:\/\/www.airain.com\/fr\/wp-json\/wp\/v2\/product_cat?post=24489"},{"taxonomy":"product_tag","embeddable":true,"href":"https:\/\/www.airain.com\/fr\/wp-json\/wp\/v2\/product_tag?post=24489"}],"curies":[{"name":"wp","href":"https:\/\/api.w.org\/{rel}","templated":true}]}}