{"id":24506,"date":"2025-03-20T08:12:20","date_gmt":"2025-04-10T14:38:30","guid":{"rendered":"https:\/\/f2dc07eea9a036484043cda0a7344ee6\/product\/voyageur-gmt-blanc\/"},"modified":"2025-07-02T18:35:06","modified_gmt":"2025-07-02T18:35:06","slug":"voyageur-gmt-721-432","status":"publish","type":"product","link":"https:\/\/www.airain.com\/fr\/produit\/voyageur-gmt-721-432\/","title":{"rendered":"VOYAGEUR GMT &#8211; 721.432"},"content":{"rendered":"","protected":false},"excerpt":{"rendered":"<p>R\u00c9F. 721.432 <span style=\"color: #999999;\"><strong>\u00c9DITION LIMIT\u00c9E \u00c0 320 PI\u00c8CES<\/strong><\/span><\/p>\n","protected":false},"featured_media":24517,"template":"","meta":[],"product_brand":[],"product_cat":[173],"product_tag":[],"class_list":{"0":"post-24506","1":"product","2":"type-product","3":"status-publish","4":"has-post-thumbnail","6":"product_cat-tout","7":"product_shipping_class-tf-fr","9":"first","10":"instock","11":"sold-individually","12":"taxable","13":"shipping-taxable","14":"purchasable","15":"product-type-simple"},"_links":{"self":[{"href":"https:\/\/www.airain.com\/fr\/wp-json\/wp\/v2\/product\/24506","targetHints":{"allow":["GET"]}}],"collection":[{"href":"https:\/\/www.airain.com\/fr\/wp-json\/wp\/v2\/product"}],"about":[{"href":"https:\/\/www.airain.com\/fr\/wp-json\/wp\/v2\/types\/product"}],"wp:featuredmedia":[{"embeddable":true,"href":"https:\/\/www.airain.com\/fr\/wp-json\/wp\/v2\/media\/24517"}],"wp:attachment":[{"href":"https:\/\/www.airain.com\/fr\/wp-json\/wp\/v2\/media?parent=24506"}],"wp:term":[{"taxonomy":"product_brand","embeddable":true,"href":"https:\/\/www.airain.com\/fr\/wp-json\/wp\/v2\/product_brand?post=24506"},{"taxonomy":"product_cat","embeddable":true,"href":"https:\/\/www.airain.com\/fr\/wp-json\/wp\/v2\/product_cat?post=24506"},{"taxonomy":"product_tag","embeddable":true,"href":"https:\/\/www.airain.com\/fr\/wp-json\/wp\/v2\/product_tag?post=24506"}],"curies":[{"name":"wp","href":"https:\/\/api.w.org\/{rel}","templated":true}]}}