{"id":25024,"date":"2025-06-26T15:02:35","date_gmt":"2025-06-26T15:04:37","guid":{"rendered":"https:\/\/f2dc07eea9a036484043cda0a7344ee6\/product\/affiche-reproduction-sous-marine-1962\/"},"modified":"2025-06-26T15:06:29","modified_gmt":"2025-06-26T15:06:29","slug":"affiche-reproduction-sous-marine-1962","status":"publish","type":"product","link":"https:\/\/www.airain.com\/fr\/produit\/affiche-reproduction-sous-marine-1962\/","title":{"rendered":"Affiche reproduction Sous-Marine 1962"},"content":{"rendered":"<p>Cette reproduction a \u00e9t\u00e9 r\u00e9alis\u00e9e directement \u00e0 partir d&rsquo;une affiche originale antique Airain Sous-Marine des ann\u00e9es 1960 pour produire une repr\u00e9sentation tr\u00e8s fid\u00e8le. <\/p>\n<p>Hauteur : 595 mm<br \/>\nLargeur : 420 mm<\/p>\n","protected":false},"excerpt":{"rendered":"<p><strong>Reproduction d&rsquo;affiche vintage Airain Sous-Marine<\/strong><br \/>\nCette reproduction a \u00e9t\u00e9 r\u00e9alis\u00e9e directement \u00e0 partir d&rsquo;une affiche originale antique Airain Sous-Marine pour produire une repr\u00e9sentation tr\u00e8s fid\u00e8le.<\/p>\n","protected":false},"featured_media":25025,"template":"","meta":[],"product_brand":[],"product_cat":[174,173],"product_tag":[],"class_list":{"0":"post-25024","1":"product","2":"type-product","3":"status-publish","4":"has-post-thumbnail","6":"product_cat-accessoires","7":"product_cat-tout","8":"product_shipping_class-bracelets-et-accessoires","10":"first","11":"instock","12":"taxable","13":"shipping-taxable","14":"purchasable","15":"product-type-simple"},"_links":{"self":[{"href":"https:\/\/www.airain.com\/fr\/wp-json\/wp\/v2\/product\/25024","targetHints":{"allow":["GET"]}}],"collection":[{"href":"https:\/\/www.airain.com\/fr\/wp-json\/wp\/v2\/product"}],"about":[{"href":"https:\/\/www.airain.com\/fr\/wp-json\/wp\/v2\/types\/product"}],"wp:featuredmedia":[{"embeddable":true,"href":"https:\/\/www.airain.com\/fr\/wp-json\/wp\/v2\/media\/25025"}],"wp:attachment":[{"href":"https:\/\/www.airain.com\/fr\/wp-json\/wp\/v2\/media?parent=25024"}],"wp:term":[{"taxonomy":"product_brand","embeddable":true,"href":"https:\/\/www.airain.com\/fr\/wp-json\/wp\/v2\/product_brand?post=25024"},{"taxonomy":"product_cat","embeddable":true,"href":"https:\/\/www.airain.com\/fr\/wp-json\/wp\/v2\/product_cat?post=25024"},{"taxonomy":"product_tag","embeddable":true,"href":"https:\/\/www.airain.com\/fr\/wp-json\/wp\/v2\/product_tag?post=25024"}],"curies":[{"name":"wp","href":"https:\/\/api.w.org\/{rel}","templated":true}]}}