{"id":25031,"date":"2025-06-26T19:59:47","date_gmt":"2025-06-26T20:03:02","guid":{"rendered":"https:\/\/f2dc07eea9a036484043cda0a7344ee6\/product\/type-21-copie\/"},"modified":"2025-09-22T08:06:17","modified_gmt":"2025-09-22T08:06:17","slug":"type-21","status":"publish","type":"product","link":"https:\/\/www.airain.com\/fr\/produit\/type-21\/","title":{"rendered":"TYPE 21"},"content":{"rendered":"<p><strong>L&rsquo;HISTOIRE<\/strong><br \/>\nLe Airain Type 21 se pr\u00e9sente comme un hommage \u00e0 un mod\u00e8le vintage des ann\u00e9es 1960 d\u00e9couvert lors d&rsquo;une vente aux ench\u00e8res chez Sotheby&rsquo;s en 2021. Ancr\u00e9s dans les conceptions originales des ann\u00e9es 1950, tant le Type 21 que son homologue, le Type 20, incarnent fid\u00e8lement l&rsquo;esth\u00e9tique et les fonctionnalit\u00e9s de cette \u00e9poque. Elles sont dot\u00e9es d&rsquo;un chronographe \u00e0 roue \u00e0 colonnes \u00e0 remontage manuel avec fonction flyback et lunette compte \u00e0 rebours. Il est int\u00e9ressant de noter que le Type 21 est n\u00e9 d&rsquo;une demande du Minist\u00e8re de la D\u00e9fense fran\u00e7ais en 1956, qui recherchait une version am\u00e9lior\u00e9e du Type 20 offrant une durabilit\u00e9 accrue et des besoins d&rsquo;entretien r\u00e9duits.   <\/p>\n<p>Arborant un \u00e9l\u00e9gant cadran noir avec un rev\u00eatement luminescent Grade X1 &lsquo;Old Radium&rsquo;, le Type 21 arbore fi\u00e8rement le logo de la couronne Airain et l&rsquo;inscription distinctive &lsquo;Type 21&rsquo;. La lunette comporte notamment un triangle lumineux \u00e0 12 heures. Le bo\u00eetier en acier inoxydable mesure 39,0 mm (lunette 39,5 mm), soit un peu plus que l&rsquo;original, mais il conserve l&rsquo;allure classique tout en r\u00e9pondant aux normes contemporaines. La Type 21 Re-Edition est propuls\u00e9e par le calibre AM2, m\u00e9ticuleusement fabriqu\u00e9 par la Manufacture AMT, la division haut de gamme de Sellita \u00e0 La Chaux-de-Fonds, en Suisse.<\/p>\n<p><strong>DONN\u00c9ES TECHNIQUES<\/strong><br \/>\nMod\u00e8le : Type 21<br \/>\nR\u00e9f\u00e9rence : 423.438<\/p>\n<p><em>Bo\u00eetier<\/em><br \/>\nMat\u00e9riau : Acier inoxydable<br \/>\nDiam\u00e8tre : 39,5 mm (lunette), 39,0 mm (bo\u00eetier)<br \/>\nHauteur : 10,85 mm<br \/>\nVerre : Saphir bomb\u00e9 de 3,92 mm avec traitement antireflet \u00e0 l&rsquo;int\u00e9rieur<br \/>\nLongueur entre-cornes : 47,7 mm<br \/>\nFond : Viss\u00e9, grav\u00e9<br \/>\nLunette : Lunette tournante bidirectionnelle \u00e0 friction avec chiffres laqu\u00e9s noirs et triangle \u00e0 12 heures remplis de Super-LumiNova Swiss Grade X1 &lsquo;Old Radium&rsquo;<br \/>\n\u00c9tanch\u00e9it\u00e9 : 50 m (5 ATM)<\/p>\n<p><em>Mouvement<\/em><br \/>\nCalibre : Chronographe \u00e0 remontage manuel avec roue \u00e0 colonnes calibre AM2 et complication flyback<br \/>\nR\u00e9serve de marche : 63 heures (+\/- 2 heures)<br \/>\nChronographe : 30 minutes<br \/>\nRubis : 23 rubis<br \/>\nProtection contre les chocs : Incabloc<br \/>\nR\u00e9gl\u00e9 dans 5 positions<\/p>\n<p><em>Bracelet<\/em><br \/>\nBracelet : Bracelet en cuir v\u00e9ritable marron avec coutures beiges et boucle double, grav\u00e9e du logo Airain<br \/>\nLargeur entre-cornes : 20 mm<\/p>\n","protected":false},"excerpt":{"rendered":"<p>Le Airain Type 21 s&rsquo;inspire d&rsquo;un mod\u00e8le vintage des ann\u00e9es 1960 d\u00e9couvert initialement lors d&rsquo;une vente aux ench\u00e8res chez Sotheby&rsquo;s, qui honorait la demande du minist\u00e8re fran\u00e7ais de la D\u00e9fense de 1956 visant \u00e0 am\u00e9liorer le Type 20 pour une durabilit\u00e9 accrue et un entretien facilit\u00e9. Le Type 21 et son pr\u00e9d\u00e9cesseur sont tous deux dot\u00e9s d&rsquo;un chronographe \u00e0 remontage manuel avec roue \u00e0 colonnes, fonction flyback et lunette de compte \u00e0 rebours. Le Type 21 arbore un cadran noir brillant avec un lume Grade X1 &lsquo;Old Radium&rsquo;, arborant fi\u00e8rement le logo de la couronne Airain et l&rsquo;inscription &lsquo;Type 21&rsquo;. Son bo\u00eetier en acier inoxydable, l\u00e9g\u00e8rement plus grand, conserve le charme classique tout en r\u00e9pondant aux normes modernes. Propuls\u00e9 par le calibre AM2 de la Manufacture AMT \u00e0 La Chaux-de-Fonds, en Suisse, le Type 21 Re-Edition incarne une sophistication et une fonctionnalit\u00e9 intemporelles.    <\/p>\n","protected":false},"featured_media":24687,"template":"","meta":[],"product_brand":[],"product_cat":[173,176],"product_tag":[],"class_list":{"0":"post-25031","1":"product","2":"type-product","3":"status-publish","4":"has-post-thumbnail","6":"product_cat-tout","7":"product_cat-type-20-21-fr","9":"first","10":"instock","11":"sold-individually","12":"taxable","13":"shipping-taxable","14":"purchasable","15":"product-type-simple"},"_links":{"self":[{"href":"https:\/\/www.airain.com\/fr\/wp-json\/wp\/v2\/product\/25031","targetHints":{"allow":["GET"]}}],"collection":[{"href":"https:\/\/www.airain.com\/fr\/wp-json\/wp\/v2\/product"}],"about":[{"href":"https:\/\/www.airain.com\/fr\/wp-json\/wp\/v2\/types\/product"}],"wp:featuredmedia":[{"embeddable":true,"href":"https:\/\/www.airain.com\/fr\/wp-json\/wp\/v2\/media\/24687"}],"wp:attachment":[{"href":"https:\/\/www.airain.com\/fr\/wp-json\/wp\/v2\/media?parent=25031"}],"wp:term":[{"taxonomy":"product_brand","embeddable":true,"href":"https:\/\/www.airain.com\/fr\/wp-json\/wp\/v2\/product_brand?post=25031"},{"taxonomy":"product_cat","embeddable":true,"href":"https:\/\/www.airain.com\/fr\/wp-json\/wp\/v2\/product_cat?post=25031"},{"taxonomy":"product_tag","embeddable":true,"href":"https:\/\/www.airain.com\/fr\/wp-json\/wp\/v2\/product_tag?post=25031"}],"curies":[{"name":"wp","href":"https:\/\/api.w.org\/{rel}","templated":true}]}}