{"id":25508,"date":"2025-10-11T12:05:32","date_gmt":"2025-10-11T20:18:58","guid":{"rendered":"https:\/\/f2dc07eea9a036484043cda0a7344ee6\/product\/type-20-edition-70eme-anniversaire\/"},"modified":"2026-03-18T22:56:00","modified_gmt":"2026-03-18T22:56:00","slug":"type-20-edition-70eme-anniversaire","status":"publish","type":"product","link":"https:\/\/www.airain.com\/fr\/produit\/type-20-edition-70eme-anniversaire\/","title":{"rendered":"TYPE 20 70 ANS"},"content":{"rendered":"<p>Description du produit<\/p>\n","protected":false},"excerpt":{"rendered":"<p>Un hommage moderne \u00e0 l&rsquo;un des chronographes militaires les plus embl\u00e9matiques jamais cr\u00e9\u00e9s. Dot\u00e9 du l\u00e9gendaire chronographe flyback, d&rsquo;un cadran Bleu Horizon inspir\u00e9 du design fran\u00e7ais du d\u00e9but du XXe si\u00e8cle, et d&rsquo;un fond transparent r\u00e9v\u00e9lant le mouvement chronographe flyback \u00e0 roue \u00e0 colonnes Swiss Made. <\/p>\n<p>Produite dans un premier lot \u00e0 disponibilit\u00e9 limit\u00e9e, cette \u00e9dition anniversaire c\u00e9l\u00e8bre 70 ans d&rsquo;h\u00e9ritage a\u00e9ronautique, de savoir-faire et d&rsquo;\u00e9l\u00e9gance intemporelle.<\/p>\n<p>La production a commenc\u00e9, les premi\u00e8res livraisons sont pr\u00e9vues \u00e0 partir de juin 2026.<\/p>\n","protected":false},"featured_media":25620,"template":"","meta":[],"product_brand":[],"product_cat":[176],"product_tag":[],"class_list":{"0":"post-25508","1":"product","2":"type-product","3":"status-publish","4":"has-post-thumbnail","6":"product_cat-type-20-21-fr","8":"first","9":"instock","10":"sold-individually","11":"taxable","12":"shipping-taxable","13":"purchasable","14":"product-type-simple"},"_links":{"self":[{"href":"https:\/\/www.airain.com\/fr\/wp-json\/wp\/v2\/product\/25508","targetHints":{"allow":["GET"]}}],"collection":[{"href":"https:\/\/www.airain.com\/fr\/wp-json\/wp\/v2\/product"}],"about":[{"href":"https:\/\/www.airain.com\/fr\/wp-json\/wp\/v2\/types\/product"}],"wp:featuredmedia":[{"embeddable":true,"href":"https:\/\/www.airain.com\/fr\/wp-json\/wp\/v2\/media\/25620"}],"wp:attachment":[{"href":"https:\/\/www.airain.com\/fr\/wp-json\/wp\/v2\/media?parent=25508"}],"wp:term":[{"taxonomy":"product_brand","embeddable":true,"href":"https:\/\/www.airain.com\/fr\/wp-json\/wp\/v2\/product_brand?post=25508"},{"taxonomy":"product_cat","embeddable":true,"href":"https:\/\/www.airain.com\/fr\/wp-json\/wp\/v2\/product_cat?post=25508"},{"taxonomy":"product_tag","embeddable":true,"href":"https:\/\/www.airain.com\/fr\/wp-json\/wp\/v2\/product_tag?post=25508"}],"curies":[{"name":"wp","href":"https:\/\/api.w.org\/{rel}","templated":true}]}}